{"id":3,"date":"2021-09-25T15:44:11","date_gmt":"2021-09-25T15:44:11","guid":{"rendered":"https:\/\/rickman.eu\/?page_id=3"},"modified":"2025-01-10T12:39:44","modified_gmt":"2025-01-10T12:39:44","slug":"privacy-policy","status":"publish","type":"page","link":"https:\/\/rickman.eu\/et\/privacy-policy\/","title":{"rendered":"<strong> Privaatsuspoliitika <\/strong>"},"content":{"rendered":"<div class=\"row privacy-policy-row\">\r\n<div class=\"col-lg-9 offset-lg-4\">\r\n<p class=\"description-2 fade-up\">Teie privaatsus on meile v\u00e4ga oluline. Seet\u00f5ttu on Rickmani poliitika austada teie privaatsust ja j\u00e4rgida k\u00f5iki kohaldatavaid seadusi ja m\u00e4\u00e4rusi seoses mis tahes isikuandmetega, mida v\u00f5ime teie kohta koguda, sealhulgas meie veebisaidil https:\/\/www.rickman.eu ja k\u00f5igil muudel saitidel, mida omame ja haldame.<\/p>\r\n\r\n<\/div>\r\n<\/div>\r\n<div class=\"row privacy-policy-row\">\r\n<div class=\"col-lg-4\">\r\n<div class=\"section-number fade-up\"><span class=\"caption-2\">01<\/span><\/div>\r\n<\/div>\r\n<div class=\"col-lg-9\">\r\n<h3 class=\"title-4 title-animate\">Informatsioon, mida sinu kohta kogume<\/h3>\r\n<p class=\"description-3 fade-up\">Kogutav teave h\u00f5lmab nii teavet, mida te meile teadlikult ja esitate, kui kasutate v\u00f5i osalete meie teenustes ja kampaaniates, kui ka teavet, mida teie seadmed saadavad automaatselt meie teenustele juurdep\u00e4\u00e4su k\u00e4igus.<\/p>\r\n\r\n<\/div>\r\n<\/div>\r\n<div class=\"row privacy-policy-row\">\r\n<div class=\"col-lg-4\">\r\n<div class=\"section-number fade-up\"><span class=\"caption-2\">02<\/span><\/div>\r\n<\/div>\r\n<div class=\"col-lg-9\">\r\n<h3 class=\"title-4 title-animate\">Andmete logimine<\/h3>\r\n<p class=\"description-3 fade-up\">Kui k\u00fclastate meie veebisaiti, v\u00f5ivad meie serverid automaatselt logida teie veebibrauseri esitatud standardandmed. See v\u00f5ib h\u00f5lmata teie seadme Interneti-protokolli (IP) aadressi, teie brauseri t\u00fc\u00fcpi ja versiooni, k\u00fclastatud lehti, k\u00fclastuse aega ja kuup\u00e4eva, igal lehel veedetud aega, muid \u00fcksikasju teie k\u00fclastuse kohta ja tehnilisi \u00fcksikasju koos v\u00f5imalike vigadega.\r\nPidage meeles, et kuigi see teave ei pruugi iseenesest olla isikut tuvastav, v\u00f5ib isikute tuvastamine olla v\u00f5imalik kombineerides seda teavet muude andmetega.<\/p>\r\n\r\n<\/div>\r\n<\/div>\r\n<div class=\"row privacy-policy-row\">\r\n<div class=\"col-lg-4\">\r\n<div class=\"section-number fade-up\"><span class=\"caption-2\">03<\/span><\/div>\r\n<\/div>\r\n<div class=\"col-lg-9\">\r\n<h3 class=\"title-4 title-animate\">Personaalne informatsioon<\/h3>\r\n<p class=\"description-3 fade-up\">V\u00f5ime k\u00fcsida isikuandmeid, mis v\u00f5ivad sisaldada \u00fchte v\u00f5i mitut j\u00e4rgmistest:<\/p>\r\n\r\n<ul class=\"list\">\r\n \t<li class=\"fade-up\">\r\n<p class=\"description-3\">Nimi<\/p>\r\n<\/li>\r\n \t<li class=\"fade-up\">\r\n<p class=\"description-3\">E-post<\/p>\r\n<\/li>\r\n \t<li class=\"fade-up\">\r\n<p class=\"description-3\">Telefoni\/Mobiilinumber<\/p>\r\n<\/li>\r\n<\/ul>\r\n<\/div>\r\n<\/div>\r\n<div class=\"row privacy-policy-row\">\r\n<div class=\"col-lg-4\">\r\n<div class=\"section-number fade-up\"><span class=\"caption-2\">04<\/span><\/div>\r\n<\/div>\r\n<div class=\"col-lg-9\">\r\n<h3 class=\"title-4 title-animate\">\u00d5igustatud p\u00f5hjused teie isikuandmete t\u00f6\u00f6tlemiseks<\/h3>\r\n<p class=\"description-3 fade-up\">Kogume ja kasutame teie isikuandmeid ainult siis, kui meil on selleks \u00f5igustatud p\u00f5hjus. Kogume ainult selliseid isikuandmeid, mis on teenuste osutamiseks vajalikud.<\/p>\r\n\r\n<\/div>\r\n<\/div>\r\n<div class=\"row privacy-policy-row\">\r\n<div class=\"col-lg-4\">\r\n<div class=\"section-number fade-up\"><span class=\"caption-2 title-animate\">05<\/span><\/div>\r\n<\/div>\r\n<div class=\"col-lg-9\">\r\n<h3 class=\"title-4 title-animate\">Andmete kogumine ja kasutamine<\/h3>\r\n<p class=\"description-3 fade-up\">V\u00f5ime koguda teilt isikuandmeid, kui meie veebisaidil tehakse m\u00f5ni j\u00e4rgmistest toimingutest:<\/p>\r\n\r\n<ul class=\"list\">\r\n \t<li class=\"fade-up\">\r\n<p class=\"description-3\">Registreerudes, et saada meilt uudiseid e-posti v\u00f5i sotsiaalmeedia kanalite kaudu<\/p>\r\n<\/li>\r\n \t<li class=\"fade-up\">\r\n<p class=\"description-3\">Mobiilseadet v\u00f5i veebibrauserit kasutades meie sisule juurdep\u00e4\u00e4suks<\/p>\r\n<\/li>\r\n \t<li class=\"fade-up\">\r\n<p class=\"description-3\">E-posti, sotsiaalmeedia v\u00f5i m\u00f5ne muu sarnase tehnoloogia kaudu \u00fchendust v\u00f5ttes<\/p>\r\n<\/li>\r\n \t<li class=\"fade-up\">\r\n<p class=\"description-3\">Meid sotsiaalmeedias mainidesV\u00f5ime koguda, hoida, kasutada ja avaldada teavet j\u00e4rgmistel eesm\u00e4rkidel.<\/p>\r\n<\/li>\r\n<\/ul>\r\n<p class=\"description-3 fade-up\">Isikuandmeid ei t\u00f6\u00f6delda edasi olukordades, mis on nende eesm\u00e4rkidega kokkusobimatud:<\/p>\r\n\r\n<ul class=\"list\">\r\n \t<li class=\"fade-up\">\r\n<p class=\"description-3\">Teiega \u00fchenduse v\u00f5tmiseks ja suhtlemiseks<\/p>\r\n<\/li>\r\n \t<li class=\"fade-up\">\r\n<p class=\"description-3\">Anal\u00fc\u00fctikaks, turu-uuringuteks ja \u00e4riarenduseks, sealhulgas meie veebisaidi, seotud rakenduste ja sotsiaalmeedia platvormide haldamiseks ja t\u00e4iustamiseks<\/p>\r\n<\/li>\r\n \t<li class=\"fade-up\">\r\n<p class=\"description-3\">Reklaamimiseks ja turunduseks, sealhulgas meie toodete ja teenuste kohta reklaamiteabe saatmiseks ning kolmandate isikute kohta teabe saatmiseks, mis meie arvates v\u00f5ivad teile huvi pakkuda<\/p>\r\n<\/li>\r\n<\/ul>\r\n<p class=\"description-3 fade-up\">Pange t\u00e4hele, et v\u00f5ime kombineerida teie kohta kogutavat teavet \u00fcldise teabe v\u00f5i muudest usaldusv\u00e4\u00e4rsetest allikatest saadud uurimisandmetega.<\/p>\r\n\r\n<\/div>\r\n<\/div>\r\n<div class=\"row privacy-policy-row\">\r\n<div class=\"col-lg-4\">\r\n<div class=\"section-number fade-up\"><span class=\"caption-2\">06<\/span><\/div>\r\n<\/div>\r\n<div class=\"col-lg-9\">\r\n<h3 class=\"title-4 title-animate\">Personaalse informatsiooni hoiustamise turvan\u00f5uded<\/h3>\r\n<p class=\"description-3 fade-up\">Isikuandmete kogumisel ja t\u00f6\u00f6tlemisel ning selle teabe s\u00e4ilitamisel kaitseme seda \u00e4riliselt vastuv\u00f5etavate vahenditega, et v\u00e4ltida kaotsiminekut ja vargust, samuti volitamata juurdep\u00e4\u00e4su, avalikustamist, kopeerimist, kasutamist v\u00f5i muutmist.<\/p>\r\n<p class=\"description-3 fade-up\">Kuigi teeme k\u00f5ik endast oleneva, et kaitsta meile edastatud isikuandmeid, r\u00f5hutame, et \u00fckski elektroonilise edastamise v\u00f5i salvestamise meetod ei ole 100% turvaline ja keegi ei saa tagada andmete t\u00e4ielikku turvalisust. Seet\u00f5ttu j\u00e4rgime andmetega seotud rikkumiste puhul k\u00f5iki kohaldatavaid seadusi.<\/p>\r\n<p class=\"description-3 fade-up\">Teie vastutate mis tahes parooli ja selle \u00fcldise turvalisuse tugevuse valimise eest, tagades oma teabe konfidentsiaalsuse meie teenuste piires.<\/p>\r\n\r\n<\/div>\r\n<\/div>\r\n<div class=\"row privacy-policy-row\">\r\n<div class=\"col-lg-4\">\r\n<div class=\"section-number fade-up\"><span class=\"caption-2\">07<\/span><\/div>\r\n<\/div>\r\n<div class=\"col-lg-9\">\r\n<h3 class=\"title-4 title-animate\">Kui kaua minu poolt jagatud informatsiooni s\u00e4ilitatakse?<\/h3>\r\n<p class=\"description-3 fade-up\">S\u00e4ilitame teie isikuandmeid ainult seni, kuni see on vajalik. See ajavahemik v\u00f5ib s\u00f5ltuda sellest, milleks me teie teavet kasutame vastavalt k\u00e4esolevale privaatsuspoliitikale. Kui teie isikuandmeid enam ei n\u00f5uta, kustutame need v\u00f5i muudame need anon\u00fc\u00fcmseks, eemaldades kogu isikut tuvastava teabe.<\/p>\r\n<p class=\"description-3 fade-up\">Vajadusel v\u00f5ime siiski s\u00e4ilitada teie isikuandmeid, et tagada juriidilise, raamatupidamis- v\u00f5i aruandluskohustuse t\u00e4itmine v\u00f5i arhiveerimiseks avalikes huvides, teaduslike v\u00f5i ajalooliste uuringute v\u00f5i statistilistel eesm\u00e4rkidel.<\/p>\r\n\r\n<\/div>\r\n<\/div>\r\n<div class=\"row privacy-policy-row\">\r\n<div class=\"col-lg-4\">\r\n<div class=\"section-number fade-up\"><span class=\"caption-2\">08<\/span><\/div>\r\n<\/div>\r\n<div class=\"col-lg-9\">\r\n<h3 class=\"title-4 title-animate\">Isikuandmete avaldamine kolmandatele isikutele<\/h3>\r\n<p class=\"description-3 fade-up\">V\u00f5ime isikuandmeid avaldada:<\/p>\r\n\r\n<ul class=\"list\">\r\n \t<li class=\"fade-up\">\r\n<p class=\"description-3\">Meie ettev\u00f5tte ema-, t\u00fctar- v\u00f5i sidusettev\u00f5ttele<\/p>\r\n<\/li>\r\n \t<li class=\"fade-up\">\r\n<p class=\"description-3\">Kolmandast osapoolest teenusepakkujatele, et v\u00f5imaldada neil oma teenuseid pakkuda, n\u00e4iteks IT-teenuste pakkujad, andmesalvestuse, hostimise ja serveri pakkujad, reklaamijad v\u00f5i anal\u00fc\u00fcsiplatvormid<\/p>\r\n<\/li>\r\n \t<li class=\"fade-up\">\r\n<p class=\"description-3\">Meie t\u00f6\u00f6tajad, t\u00f6\u00f6v\u00f5tjad ja\/v\u00f5i seotud \u00fcksused<\/p>\r\n<\/li>\r\n \t<li class=\"fade-up\">\r\n<p class=\"description-3\">Meie olemasolevad v\u00f5i potentsiaalsed agendid v\u00f5i \u00e4ripartnerid<\/p>\r\n<\/li>\r\n \t<li class=\"fade-up\">\r\n<p class=\"description-3\">Meie korraldatavate v\u00f5istluste, loosimiste v\u00f5i reklaamide sponsorid v\u00f5i edendajad<\/p>\r\n<\/li>\r\n \t<li class=\"fade-up\">\r\n<p class=\"description-3\">Kohtud, tribunalid, reguleerivad asutused ja \u00f5iguskaitseametnikud, vastavalt seadusele, seoses mis tahes tegelike v\u00f5i tulevaste kohtumenetlustega v\u00f5i selleks, et kehtestada, teostada v\u00f5i kaitsta meie seaduslikke \u00f5igusi.<\/p>\r\n<\/li>\r\n \t<li class=\"fade-up\">\r\n<p class=\"description-3\">Kolmandad osapooled, sealhulgas agendid v\u00f5i allt\u00f6\u00f6v\u00f5tjad, kes aitavad meil teile ja\/v\u00f5i kolmandatele isikutele andmete kogumiseks ja t\u00f6\u00f6tlemiseks teavet, tooteid, teenuseid v\u00f5i otseturundust pakkuda.<\/p>\r\n<\/li>\r\n<\/ul>\r\n<\/div>\r\n<\/div>\r\n<div class=\"row privacy-policy-row\">\r\n<div class=\"col-lg-4\">\r\n<div class=\"section-number fade-up\"><span class=\"caption-2\">09<\/span><\/div>\r\n<\/div>\r\n<div class=\"col-lg-9\">\r\n<h3 class=\"title-4 title-animate\">Isikuandmete rahvusvaheline jagamine<\/h3>\r\n<p class=\"description-3 fade-up\">Kogutud isikuandmeid s\u00e4ilitatakse ja\/v\u00f5i t\u00f6\u00f6deldakse seal, kus meie v\u00f5i meie partnerid, sidusettev\u00f5tted ja kolmandatest osapooltest teenusepakkujad paiknevad. Pange t\u00e4hele, et kohtades, kus me teie isikuandmeid talletame, t\u00f6\u00f6tleme v\u00f5i edastame, ei pruugi kehtida samad andmekaitseseadused kui riigis, kus te teabe algselt esitasite. Kui edastame teie isikuandmeid kolmandatele isikutele teistes riikides: (i) teostame sellised edastused vastavalt kohaldatava \u00f5iguse n\u00f5uetele; (ii) kaitseme edastatud isikuandmeid vastavalt k\u00e4esolevale privaatsuspoliitikale.<\/p>\r\n\r\n<\/div>\r\n<\/div>\r\n<div class=\"row privacy-policy-row\">\r\n<div class=\"col-lg-4\">\r\n<div class=\"section-number fade-up\"><span class=\"caption-2\">10<\/span><\/div>\r\n<\/div>\r\n<div class=\"col-lg-9\">\r\n<h3 class=\"title-4 title-animate\">Teie \u00f5igused ja teie isikuandmete kontrollimine<\/h3>\r\n<p class=\"description-3 fade-up\">You always retain the right to withhold personal information from us, with the understanding that your experience of our website may be affected. Teil on alati \u00f5igus isikuandmeid meie eest varjata, m\u00f5istes, et see v\u00f5ib m\u00f5jutada teie kogemust meie veebisaidil. Me ei diskrimineeri teid, kui kasutate oma \u00f5igusi oma isikuandmete suhtes. Kui esitate meile isikuandmeid, siis m\u00f5istate, et me kogume, hoiame, kasutame ja avaldame neid koosk\u00f5las k\u00e4esoleva privaatsuspoliitikaga. Teil on \u00f5igus n\u00f5uda \u00fcksikasju mis tahes isikuandmete kohta, mida me teie kohta hoiame.<\/p>\r\n<p class=\"description-3 fade-up\">Kui saame teie kohta isikuandmeid kolmandatelt osapoolelt, kaitseme neid k\u00e4esolevas privaatsuspoliitikas s\u00e4testatud viisil. Kui olete kolmas isik, kes edastab kellegi teise kohta isikuandmeid, kinnitate ja n\u00f5ustute, et teil on selle isiku n\u00f5usolek meile isikuandmete edastamiseks.<\/p>\r\n<p class=\"description-3 fade-up\">Kui olete varem n\u00f5ustunud, et kasutame oma isikuandmeid otseturunduse eesm\u00e4rgil, v\u00f5ite igal ajal oma meelt muuta. Anname teile v\u00f5imaluse oma e-posti andmebaasist loobuda v\u00f5i suhtlusest loobuda. Pange t\u00e4hele, et meil v\u00f5ib vaja minna e-posti aadressi, et k\u00fcsida teilt konkreetset teavet, mis aitab meil teie isikut kinnitada.<\/p>\r\n<p class=\"description-3 fade-up\">Kui arvate, et mis tahes teave, mida me teie kohta hoiame, on ebat\u00e4pne, aegunud, puudulik, ebaoluline v\u00f5i eksitav, v\u00f5tke meiega \u00fchendust, kasutades k\u00e4esolevas privaatsuspoliitikas esitatud andmeid. Rakendame m\u00f5istlikke meetmeid sellise teabe parandamiseks.<\/p>\r\n<p class=\"description-3 fade-up\">Kui arvate, et oleme rikkunud andmekaitseseadust ja soovite esitada kaebuse, v\u00f5tke meiega \u00fchendust, kasutades allolevaid andmeid ja esitage k\u00f5ik andmed v\u00e4idetava rikkumise kohta. Uurime teie kaebust viivitamatult ja vastame teile kirjalikult, kirjeldades uurimise tulemusi ja meetmeid, mida kasutame teie probleemide lahendamiseks. Samuti on teil \u00f5igus oma kaebusega seoses p\u00f6\u00f6rduda reguleeriva asutuse v\u00f5i andmekaitseasutuse poole.<\/p>\r\n\r\n<\/div>\r\n<\/div>\r\n<div class=\"row privacy-policy-row\">\r\n<div class=\"col-lg-4\">\r\n<div class=\"section-number fade-up\"><span class=\"caption-2\">11<\/span><\/div>\r\n<\/div>\r\n<div class=\"col-lg-9\">\r\n<h3 class=\"title-4 title-animate\">K\u00fcpsiste kasutamine<\/h3>\r\n<p class=\"description-3 fade-up\">Kasutame &#8220;k\u00fcpsiseid&#8221;, et koguda teavet teie ja teie tegevuse kohta meie saidil. K\u00fcpsis on v\u00e4ike andmete kogum, mille meie veebisait salvestab teie arvutisse ja millele p\u00e4\u00e4seb juurde iga kord, kui k\u00fclastate, et saaksime aru, kuidas te meie saiti kasutate. See aitab meil pakkuda teile sisu teie m\u00e4\u00e4ratud eelistuste alusel. Lisateabe saamiseks k\u00fclastage meie k\u00fcpsistepoliitika lehte.<\/p>\r\n\r\n<\/div>\r\n<\/div>\r\n<div class=\"row privacy-policy-row\">\r\n<div class=\"col-lg-4\">\r\n<div class=\"section-number fade-up\"><span class=\"caption-2\">12<\/span><\/div>\r\n<\/div>\r\n<div class=\"col-lg-9\">\r\n<h3 class=\"title-4 title-animate\">Meie poliitika piirangud<\/h3>\r\n<p class=\"description-3 fade-up\">Meie veebisait v\u00f5ib linkida v\u00e4listele saitidele, mida me ei halda. Pidage meeles, et meil ei ole kontrolli nende saitide sisu ja poliitika \u00fcle ning me ei saa v\u00f5tta vastutust nende privaatsuspraktikate eest.<\/p>\r\n\r\n<\/div>\r\n<\/div>\r\n<div class=\"row privacy-policy-row\">\r\n<div class=\"col-lg-4\">\r\n<div class=\"section-number fade-up\"><span class=\"caption-2\">13<\/span><\/div>\r\n<\/div>\r\n<div class=\"col-lg-9\">\r\n<h3 class=\"title-4 title-animate\">Selle poliitika muudatused<\/h3>\r\n<p class=\"description-3 fade-up\">V\u00f5ime oma \u00e4ran\u00e4gemise j\u00e4rgi muuta privaatsuspoliitikat, et kajastada meie \u00e4riprotsesside v\u00e4rskendusi, kehtivaid tavasid v\u00f5i seadusandlikke ja regulatiivseid muudatusi. Kui otsustame seda privaatsuspoliitikat muuta, postitame muudatused siia samale lingile, mille kaudu p\u00e4\u00e4sete ligi sellele privaatsuspoliitikale.<\/p>\r\n<p class=\"description-3 fade-up\">Kui seadus seda n\u00f5uab, k\u00fcsime teilt luba v\u00f5i anname teile v\u00f5imaluse n\u00f5ustuda teie isikuandmete mis tahes uue kasutusega v\u00f5ianname teile v\u00f5imaluse isikuandmete k\u00e4itlemisest loobumiseks.<\/p>\r\n\r\n<\/div>\r\n<\/div>\r\n<div class=\"row privacy-policy-row\">\r\n<div class=\"col-lg-4\">\r\n<div class=\"section-number fade-up\"><span class=\"caption-2\">14<\/span><\/div>\r\n<\/div>\r\n<div class=\"col-lg-9\">\r\n<h3 class=\"title-4 title-animate\">V\u00f5tke meiega \u00fchendust<\/h3>\r\n<p class=\"description-3 fade-up\">Kui teil on k\u00fcsimusi v\u00f5i muresid seoses teie privaatsusega, v\u00f5ite meiega \u00fchendust v\u00f5tta aadressil:<\/p>\r\n<p class=\"description-3 fade-up\">Clevershot <a href=\"mailto:info@clevershot.co.uk\">info@clevershot.co.uk<\/a><\/p>\r\n\r\n<\/div>\r\n<\/div>","protected":false},"excerpt":{"rendered":"Teie privaatsus on meile v\u00e4ga oluline. Seet\u00f5ttu on Rickmani poliitika austada teie privaatsust ja j\u00e4rgida k\u00f5iki kohaldatavaid seadusi ja m\u00e4\u00e4rusi seoses mis tahes isikuandmetega, mida v\u00f5ime teie kohta koguda, sealhulgas meie veebisaidil https:\/\/www.rickman.eu ja k\u00f5igil muudel saitidel, mida omame ja haldame. 01 Informatsioon, mida sinu kohta kogume Kogutav teave h\u00f5lmab nii teavet, mida te meile teadlikult ja esitate, kui kasutate &#8230;","protected":false},"author":1,"featured_media":0,"parent":0,"menu_order":0,"comment_status":"closed","ping_status":"open","template":"page-privacy.php","meta":{"footnotes":""},"class_list":["post-3","page","type-page","status-publish","hentry"],"_links":{"self":[{"href":"https:\/\/rickman.eu\/et\/wp-json\/wp\/v2\/pages\/3","targetHints":{"allow":["GET"]}}],"collection":[{"href":"https:\/\/rickman.eu\/et\/wp-json\/wp\/v2\/pages"}],"about":[{"href":"https:\/\/rickman.eu\/et\/wp-json\/wp\/v2\/types\/page"}],"author":[{"embeddable":true,"href":"https:\/\/rickman.eu\/et\/wp-json\/wp\/v2\/users\/1"}],"replies":[{"embeddable":true,"href":"https:\/\/rickman.eu\/et\/wp-json\/wp\/v2\/comments?post=3"}],"version-history":[{"count":28,"href":"https:\/\/rickman.eu\/et\/wp-json\/wp\/v2\/pages\/3\/revisions"}],"predecessor-version":[{"id":1190,"href":"https:\/\/rickman.eu\/et\/wp-json\/wp\/v2\/pages\/3\/revisions\/1190"}],"wp:attachment":[{"href":"https:\/\/rickman.eu\/et\/wp-json\/wp\/v2\/media?parent=3"}],"curies":[{"name":"wp","href":"https:\/\/api.w.org\/{rel}","templated":true}]}}